{"id":19779,"date":"2016-11-23T14:59:30","date_gmt":"2016-11-23T13:59:30","guid":{"rendered":"http:\/\/activa1.com\/aracast\/sectores\/hosteleria\/"},"modified":"2018-02-06T13:53:40","modified_gmt":"2018-02-06T12:53:40","slug":"hostelry","status":"publish","type":"page","link":"https:\/\/www.aracast.com\/en\/sectores\/hostelry\/","title":{"rendered":"Hospitality"},"content":{"rendered":"<p>[vc_row row_type=&#8221;row&#8221; use_row_as_full_screen_section=&#8221;no&#8221; type=&#8221;full_width&#8221; angled_section=&#8221;no&#8221; text_align=&#8221;center&#8221; background_image_as_pattern=&#8221;without_pattern&#8221; css_animation=&#8221;&#8221;][vc_column]<div class=\"call_to_action normal\" style=\"background-color: #1b232a;\"><div class=\"container_inner\"><div class=\"text_wrapper \"><div class=\"call_to_action_text \" style=\"\">DIGITAL SIGNAGE\u00a0ENHANCE GUEST ENGAGEMENT AND SATISFACTION<\/div><\/div><\/div><\/div><div class=\"call_to_action normal\" style=\"background-color: #49656e;\"><div class=\"container_inner\"><div class=\"text_wrapper \"><div class=\"call_to_action_text \" style=\"\">Cartas m\u00e1s atractivas, propuestas m\u00e1s visuales y ofertas f\u00e1cilmente actualizables. Gesti\u00f3n de contenidos para restauraci\u00f3n a medida: desde la venta r\u00e1pida en mesas t\u00e1ctiles interactivas hasta la creaci\u00f3n de un ambiente m\u00e1s elegante y sofisticado.<\/div><\/div><\/div><\/div>[\/vc_column][\/vc_row][vc_row row_type=&#8221;row&#8221; use_row_as_full_screen_section=&#8221;no&#8221; type=&#8221;grid&#8221; angled_section=&#8221;no&#8221; text_align=&#8221;left&#8221; background_image_as_pattern=&#8221;without_pattern&#8221; background_color=&#8221;#ffffff&#8221; padding_top=&#8221;95&#8243; padding_bottom=&#8221;34&#8243; css_animation=&#8221;&#8221;][vc_column width=&#8221;1\/4&#8243;]<div class='q_icon_with_title medium circle center'><div class=\"icon_holder \" style=\"margin: 0 0 28px 0; \"><span data-icon-type=\"circle\"   class=\"qode_iwt_icon_holder fa-stack fa-3x \" style=\"font-size: 45px;\"><i class=\"qode_icon_font_awesome fa fa-building-o qode_iwt_icon_element\" style=\"\" ><\/i><\/span><\/div><div class=\"icon_text_holder\" style=\"\"><div class=\"icon_text_inner\" style=\"\"><h3 class=\"icon_title\" style=\"\">RECEPTION DISPLAYS<\/h3><p style=''>Hotel lobbies are high-traffic areas where people gather and wait, a perfect place for eye-catching and mood-setting digital signage. The lobby is also a place to showcase and set the tone for a hotel's brand.<\/p><\/div><\/div><\/div>[vc_separator type=&#8221;transparent&#8221; up=&#8221;37&#8243; down=&#8221;0&#8243;][\/vc_column][vc_column width=&#8221;1\/4&#8243;]<div class='q_icon_with_title medium circle center'><div class=\"icon_holder \" style=\"margin: 0 0 28px 0; \"><span data-icon-type=\"circle\"   class=\"qode_iwt_icon_holder fa-stack fa-3x \" style=\"font-size: 45px;\"><i class=\"qode_icon_font_awesome fa fa-map qode_iwt_icon_element\" style=\"\" ><\/i><\/span><\/div><div class=\"icon_text_holder\" style=\"\"><div class=\"icon_text_inner\" style=\"\"><h3 class=\"icon_title\" style=\"\">3D INTERACTIVE FLOOR MAPS<\/h3><p style=''>In a hotel or resort there are a large number of places that guests need to locate in a floor plan, building or complex. A 3D wayfinding app on interactive kiosks and point of information will help themto quickly position themselves to follow the correct route. <\/p><\/div><\/div><\/div>[vc_separator type=&#8221;transparent&#8221; up=&#8221;37&#8243; down=&#8221;0&#8243;][\/vc_column][vc_column width=&#8221;1\/4&#8243;]<div class='q_icon_with_title medium circle center'><div class=\"icon_holder \" style=\"margin: 0 0 28px 0; \"><span data-icon-type=\"circle\"   class=\"qode_iwt_icon_holder fa-stack fa-3x \" style=\"font-size: 45px;\"><i class=\"qode_icon_font_awesome fa fa-volume-up qode_iwt_icon_element\" style=\"\" ><\/i><\/span><\/div><div class=\"icon_text_holder\" style=\"\"><div class=\"icon_text_inner\" style=\"\"><h3 class=\"icon_title\" style=\"\">REAL-TIME INFORMATION<\/h3><p style=''>Digital directories and kiosks will be very useful for the guests to have real-time information about room availability, pricing and events taking place at the hotel or resort.. <\/p><\/div><\/div><\/div>[vc_separator type=&#8221;transparent&#8221; up=&#8221;37&#8243; down=&#8221;0&#8243;][\/vc_column][vc_column width=&#8221;1\/4&#8243;]<div class='q_icon_with_title medium circle center'><div class=\"icon_holder \" style=\"margin: 0 0 28px 0; \"><span data-icon-type=\"circle\"   class=\"qode_iwt_icon_holder fa-stack fa-3x \" style=\"font-size: 45px;\"><i class=\"qode_icon_font_awesome fa fa-coffee qode_iwt_icon_element\" style=\"\" ><\/i><\/span><\/div><div class=\"icon_text_holder\" style=\"\"><div class=\"icon_text_inner\" style=\"\"><h3 class=\"icon_title\" style=\"\">DIGITAL MENU BOARDS<\/h3><p style=''>Aracast Digital Signage gives you the ability to easily edit and change content on you digital menu boards as you need on real time. Prices can be updated from any mobile device.<\/p><\/div><\/div><\/div>[vc_separator type=&#8221;transparent&#8221; up=&#8221;37&#8243; down=&#8221;0&#8243;][\/vc_column][\/vc_row][vc_row row_type=&#8221;row&#8221; use_row_as_full_screen_section=&#8221;no&#8221; type=&#8221;full_width&#8221; angled_section=&#8221;no&#8221; text_align=&#8221;left&#8221; background_image_as_pattern=&#8221;without_pattern&#8221; background_color=&#8221;#d8d8d8&#8243; padding_top=&#8221;0&#8243; padding_bottom=&#8221;0&#8243; css_animation=&#8221;&#8221;][vc_column]<div class=\"call_to_action normal\" style=\"background-color: #c0c0c0;\"><div class=\"container_inner\"><div class=\"text_wrapper \"><div class=\"call_to_action_text \" style=\"\"><\/p>\n<h2 style=\"text-align: center;\">OUR DIGITAL SIGNAGE SOLUTIONS FOR HOTELS &amp; RESORTS<\/h2>\n<p><\/div><\/div><\/div><\/div>[\/vc_column][\/vc_row][vc_row row_type=&#8221;row&#8221; use_row_as_full_screen_section=&#8221;no&#8221; type=&#8221;grid&#8221; angled_section=&#8221;no&#8221; text_align=&#8221;left&#8221; background_image_as_pattern=&#8221;without_pattern&#8221; background_color=&#8221;#ffffff&#8221; padding_top=&#8221;75&#8243; css_animation=&#8221;&#8221;][vc_column width=&#8221;1\/2&#8243;][vc_row_inner row_type=&#8221;row&#8221; type=&#8221;full_width&#8221; text_align=&#8221;center&#8221; css_animation=&#8221;&#8221;][vc_column_inner][vc_separator type=&#8221;transparent&#8221; up=&#8221;10&#8243; down=&#8221;0&#8243;][vc_column_text]<\/p>\n<h2 style=\"text-align: center;\">ARACAST\u00ae DIGITAL SIGNAGE<\/h2>\n<p>[\/vc_column_text][vc_separator type=&#8221;small&#8221; position=&#8221;center&#8221; up=&#8221;7&#8243; down=&#8221;38&#8243;][vc_column_text]<\/p>\n<h4 style=\"text-align: center;\">Engage your audience in an effective and impressive way<\/h4>\n<p style=\"text-align: center;\">Aracast, an enhanced and versatile PC-based software application<br \/>\navailable for Linux, Mac and Windows.<\/p>\n<p style=\"text-align: center;\">Aracast players support a wide variety of file formats: Photos, Videos, PPTs,<br \/>\nRSS feeds, Web Images, HTML5, Digital TV, Video Streaming, Digital Audio,<br \/>\nWeather, Social Networks and much more.<\/p>\n<p>[\/vc_column_text][vc_separator type=&#8221;transparent&#8221; up=&#8221;35&#8243; down=&#8221;0&#8243;]<a  itemprop=\"url\" href=\"http:\/\/www.aracast.com\/productos\/aracast-digital-signage\/?lang=en\" target=\"_self\"  class=\"qbutton  default\" style=\"\">MORE INFO<\/a>[vc_separator type=&#8221;transparent&#8221; up=&#8221;59&#8243; down=&#8221;0&#8243;][\/vc_column_inner][\/vc_row_inner][\/vc_column][vc_column width=&#8221;1\/2&#8243;][vc_single_image image=&#8221;21124&#8243; img_size=&#8221;full&#8221; alignment=&#8221;center&#8221; qode_css_animation=&#8221;element_from_right&#8221; transition_delay=&#8221;0.3&#8243;][vc_separator type=&#8221;transparent&#8221; up=&#8221;60&#8243; down=&#8221;7&#8243;][\/vc_column][\/vc_row][vc_row row_type=&#8221;row&#8221; use_row_as_full_screen_section=&#8221;no&#8221; type=&#8221;grid&#8221; angled_section=&#8221;no&#8221; text_align=&#8221;left&#8221; background_image_as_pattern=&#8221;without_pattern&#8221; padding_top=&#8221;75&#8243; css_animation=&#8221;&#8221;][vc_column width=&#8221;1\/2&#8243;][vc_single_image image=&#8221;17984&#8243; img_size=&#8221;full&#8221; alignment=&#8221;center&#8221; qode_css_animation=&#8221;element_from_right&#8221; transition_delay=&#8221;0.3&#8243;][vc_separator type=&#8221;transparent&#8221; up=&#8221;60&#8243; down=&#8221;7&#8243;][\/vc_column][vc_column width=&#8221;1\/2&#8243;][vc_row_inner row_type=&#8221;row&#8221; type=&#8221;full_width&#8221; text_align=&#8221;center&#8221; css_animation=&#8221;&#8221;][vc_column_inner][vc_separator type=&#8221;transparent&#8221; up=&#8221;10&#8243; down=&#8221;0&#8243;][vc_column_text]<\/p>\n<h2 style=\"text-align: center;\">DIGITAL KIOSKS &amp; DIRECTORIES<\/h2>\n<p>[\/vc_column_text][vc_separator type=&#8221;small&#8221; position=&#8221;center&#8221; up=&#8221;7&#8243; down=&#8221;38&#8243;][vc_column_text]<\/p>\n<h4 style=\"text-align: center;\">Highest reliability and performance<\/h4>\n<p style=\"text-align: center;\">With an outstanding design an equipped with cutting-edge technology,<br \/>\nTECCO digital kiosks and directories\u00a0are designed and manufactured to<br \/>\nmanage and transmit digital Information in a clear and attractive way,<br \/>\nmeeting the demand of today\u2019s society.<\/p>\n<p>[\/vc_column_text][vc_separator type=&#8221;transparent&#8221; up=&#8221;35&#8243; down=&#8221;0&#8243;]<a  itemprop=\"url\" href=\"http:\/\/www.aracast.com\/productos\/digital-kiosks\/?lang=en\" target=\"_self\"  class=\"qbutton  default\" style=\"\">MORE INFO<\/a>[vc_separator type=&#8221;transparent&#8221; up=&#8221;59&#8243; down=&#8221;0&#8243;][\/vc_column_inner][\/vc_row_inner][\/vc_column][\/vc_row][vc_row row_type=&#8221;row&#8221; use_row_as_full_screen_section=&#8221;no&#8221; type=&#8221;grid&#8221; angled_section=&#8221;no&#8221; text_align=&#8221;left&#8221; background_image_as_pattern=&#8221;without_pattern&#8221; background_color=&#8221;#ffffff&#8221; padding_top=&#8221;75&#8243; css_animation=&#8221;&#8221;][vc_column width=&#8221;1\/2&#8243;][vc_row_inner row_type=&#8221;row&#8221; type=&#8221;full_width&#8221; text_align=&#8221;center&#8221; css_animation=&#8221;&#8221;][vc_column_inner][vc_separator type=&#8221;transparent&#8221; up=&#8221;10&#8243; down=&#8221;0&#8243;][vc_column_text]<\/p>\n<h2 style=\"text-align: center;\">INTERACTIVES<\/h2>\n<p>[\/vc_column_text][vc_separator type=&#8221;small&#8221; position=&#8221;center&#8221; up=&#8221;7&#8243; down=&#8221;38&#8243;][vc_column_text]<\/p>\n<h4 class=\"p1\" style=\"text-align: center;\"><span class=\"s1\">State-of-the-art multitouch tables and points of information<\/span><\/h4>\n<p style=\"text-align: center;\">Utilize wayfinding kiosks and interactive points of information to direct guests\u00a0to easily navigate your facility.<\/p>\n<p>[\/vc_column_text][vc_separator type=&#8221;transparent&#8221; up=&#8221;35&#8243; down=&#8221;0&#8243;]<a  itemprop=\"url\" href=\"http:\/\/www.aracast.com\/productos\/interactives\/?lang=en\" target=\"_self\"  class=\"qbutton  default\" style=\"\">MORE INFO<\/a>[vc_separator type=&#8221;transparent&#8221; up=&#8221;59&#8243; down=&#8221;0&#8243;][\/vc_column_inner][\/vc_row_inner][\/vc_column][vc_column width=&#8221;1\/2&#8243;][vc_single_image image=&#8221;21106&#8243; img_size=&#8221;full&#8221; alignment=&#8221;center&#8221; qode_css_animation=&#8221;element_from_right&#8221; transition_delay=&#8221;0.3&#8243;][vc_separator type=&#8221;transparent&#8221; up=&#8221;60&#8243; down=&#8221;7&#8243;][\/vc_column][\/vc_row][vc_row row_type=&#8221;row&#8221; use_row_as_full_screen_section=&#8221;no&#8221; type=&#8221;grid&#8221; angled_section=&#8221;no&#8221; text_align=&#8221;left&#8221; background_image_as_pattern=&#8221;without_pattern&#8221; background_color=&#8221;#ffffff&#8221; padding_top=&#8221;75&#8243; css_animation=&#8221;&#8221;][vc_column width=&#8221;1\/2&#8243;][vc_single_image image=&#8221;21126&#8243; img_size=&#8221;full&#8221; alignment=&#8221;center&#8221; qode_css_animation=&#8221;element_from_right&#8221; transition_delay=&#8221;0.3&#8243;][vc_separator type=&#8221;transparent&#8221; up=&#8221;60&#8243; down=&#8221;7&#8243;][\/vc_column][vc_column width=&#8221;1\/2&#8243;][vc_row_inner row_type=&#8221;row&#8221; type=&#8221;full_width&#8221; text_align=&#8221;center&#8221; css_animation=&#8221;&#8221;][vc_column_inner][vc_separator type=&#8221;transparent&#8221; up=&#8221;10&#8243; down=&#8221;0&#8243;][vc_column_text]<\/p>\n<h2 style=\"text-align: center;\">LED DISPLAYS<\/h2>\n<p>[\/vc_column_text][vc_separator type=&#8221;small&#8221; position=&#8221;center&#8221; up=&#8221;7&#8243; down=&#8221;38&#8243;][vc_column_text]<\/p>\n<h4 style=\"text-align: center;\">LED displays for Indoor &amp; Outdoor application<\/h4>\n<p style=\"text-align: center;\">LED digital signage provides your business an opportunity to communicate your brand message in a unique, visual way that serves to captivate and engage your guests and visitors.<\/p>\n<p>[\/vc_column_text][vc_separator type=&#8221;transparent&#8221; up=&#8221;35&#8243; down=&#8221;0&#8243;]<a  itemprop=\"url\" href=\"http:\/\/www.aracast.com\/productos\/led-screens\/?lang=en\" target=\"_self\"  class=\"qbutton  default\" style=\"\">MORE INFO<\/a>[vc_separator type=&#8221;transparent&#8221; up=&#8221;59&#8243; down=&#8221;0&#8243;][\/vc_column_inner][\/vc_row_inner][\/vc_column][\/vc_row][vc_row row_type=&#8221;row&#8221; use_row_as_full_screen_section=&#8221;no&#8221; type=&#8221;grid&#8221; angled_section=&#8221;no&#8221; text_align=&#8221;left&#8221; background_image_as_pattern=&#8221;without_pattern&#8221; padding_top=&#8221;66&#8243; padding_bottom=&#8221;67&#8243; css_animation=&#8221;&#8221;][vc_column]<div class='qode_carousels_holder clearfix'><div class='qode_carousels' data-number-of-visible-items=''><ul class='slides'><li class='item'><div class=\"carousel_item_holder\"><span class='first_image_holder has_hover_image'><img decoding=\"async\" itemprop=\"image\" src=\"http:\/\/www.aracast.com\/wp-content\/uploads\/2016\/12\/ar-hoteles_gris.png\" alt=\"carousel image\" \/><\/span><span class='second_image_holder has_hover_image'><img decoding=\"async\" itemprop=\"image\" src=\"http:\/\/www.aracast.com\/wp-content\/uploads\/2014\/03\/ar-hoteles.png\" alt=\"carousel image\" \/><\/span><\/div><\/li><li class='item'><div class=\"carousel_item_holder\"><span class='first_image_holder has_hover_image'><img decoding=\"async\" itemprop=\"image\" src=\"http:\/\/www.aracast.com\/wp-content\/uploads\/2016\/12\/Avalon_gris.png\" alt=\"carousel image\" \/><\/span><span class='second_image_holder has_hover_image'><img decoding=\"async\" itemprop=\"image\" src=\"http:\/\/www.aracast.com\/wp-content\/uploads\/2014\/03\/Avalon.png\" alt=\"carousel image\" \/><\/span><\/div><\/li><li class='item'><div class=\"carousel_item_holder\"><span class='first_image_holder has_hover_image'><img decoding=\"async\" itemprop=\"image\" src=\"http:\/\/www.aracast.com\/wp-content\/uploads\/2016\/12\/passmar_gris.png\" alt=\"carousel image\" \/><\/span><span class='second_image_holder has_hover_image'><img decoding=\"async\" itemprop=\"image\" src=\"http:\/\/www.aracast.com\/wp-content\/uploads\/2014\/03\/passmar.png\" alt=\"carousel image\" \/><\/span><\/div><\/li><li class='item'><div class=\"carousel_item_holder\"><span class='first_image_holder has_hover_image'><img decoding=\"async\" itemprop=\"image\" src=\"http:\/\/www.aracast.com\/wp-content\/uploads\/2016\/12\/tryp_gris.png\" alt=\"carousel image\" \/><\/span><span class='second_image_holder has_hover_image'><img decoding=\"async\" itemprop=\"image\" src=\"http:\/\/www.aracast.com\/wp-content\/uploads\/2014\/03\/tryp.png\" alt=\"carousel image\" \/><\/span><\/div><\/li><li class='item'><div class=\"carousel_item_holder\"><span class='first_image_holder has_hover_image'><img decoding=\"async\" itemprop=\"image\" src=\"http:\/\/www.aracast.com\/wp-content\/uploads\/2016\/12\/mision_gris.png\" alt=\"carousel image\" \/><\/span><span class='second_image_holder has_hover_image'><img decoding=\"async\" itemprop=\"image\" src=\"http:\/\/www.aracast.com\/wp-content\/uploads\/2014\/03\/mision.png\" alt=\"carousel image\" \/><\/span><\/div><\/li><li class='item'><div class=\"carousel_item_holder\"><span class='first_image_holder has_hover_image'><img decoding=\"async\" itemprop=\"image\" src=\"http:\/\/www.aracast.com\/wp-content\/uploads\/2016\/12\/cellisca_gris.png\" alt=\"carousel image\" \/><\/span><span class='second_image_holder has_hover_image'><img decoding=\"async\" itemprop=\"image\" src=\"http:\/\/www.aracast.com\/wp-content\/uploads\/2014\/03\/cellisca.png\" alt=\"carousel image\" \/><\/span><\/div><\/li><li class='item'><div class=\"carousel_item_holder\"><span class='first_image_holder has_hover_image'><img decoding=\"async\" itemprop=\"image\" src=\"http:\/\/www.aracast.com\/wp-content\/uploads\/2016\/12\/humedal_gris.png\" alt=\"carousel image\" \/><\/span><span class='second_image_holder has_hover_image'><img decoding=\"async\" itemprop=\"image\" src=\"http:\/\/www.aracast.com\/wp-content\/uploads\/2014\/03\/humedal.png\" alt=\"carousel image\" \/><\/span><\/div><\/li><li class='item'><div class=\"carousel_item_holder\"><span class='first_image_holder has_hover_image'><img decoding=\"async\" itemprop=\"image\" src=\"http:\/\/www.aracast.com\/wp-content\/uploads\/2017\/03\/hotel_romerito_gris.png\" alt=\"carousel image\" \/><\/span><span class='second_image_holder has_hover_image'><img decoding=\"async\" itemprop=\"image\" src=\"http:\/\/www.aracast.com\/wp-content\/uploads\/2014\/03\/hotel_romerito.png\" alt=\"carousel image\" \/><\/span><\/div><\/li><li class='item'><div class=\"carousel_item_holder\"><span class='first_image_holder has_hover_image'><img decoding=\"async\" itemprop=\"image\" src=\"http:\/\/www.aracast.com\/wp-content\/uploads\/2017\/03\/hovima_gris.png\" alt=\"carousel image\" \/><\/span><span class='second_image_holder has_hover_image'><img decoding=\"async\" itemprop=\"image\" src=\"http:\/\/www.aracast.com\/wp-content\/uploads\/2014\/03\/hovima.png\" alt=\"carousel image\" \/><\/span><\/div><\/li><li class='item'><div class=\"carousel_item_holder\"><span class='first_image_holder has_hover_image'><img decoding=\"async\" itemprop=\"image\" src=\"http:\/\/www.aracast.com\/wp-content\/uploads\/2017\/03\/silken_malaga_gris.png\" alt=\"carousel image\" \/><\/span><span class='second_image_holder has_hover_image'><img decoding=\"async\" itemprop=\"image\" src=\"http:\/\/www.aracast.com\/wp-content\/uploads\/2014\/03\/silken_malaga.jpg\" alt=\"carousel image\" \/><\/span><\/div><\/li><li class='item'><div class=\"carousel_item_holder\"><span class='first_image_holder has_hover_image'><img decoding=\"async\" itemprop=\"image\" src=\"http:\/\/www.aracast.com\/wp-content\/uploads\/2017\/03\/tryp_alameda_gris.png\" alt=\"carousel image\" \/><\/span><span class='second_image_holder has_hover_image'><img decoding=\"async\" itemprop=\"image\" src=\"http:\/\/www.aracast.com\/wp-content\/uploads\/2014\/03\/tryp_alameda.png\" alt=\"carousel image\" \/><\/span><\/div><\/li><li class='item'><div class=\"carousel_item_holder\"><span class='first_image_holder has_hover_image'><img decoding=\"async\" itemprop=\"image\" src=\"http:\/\/www.aracast.com\/wp-content\/uploads\/2017\/03\/tryp_malaga_gris.png\" alt=\"carousel image\" \/><\/span><span class='second_image_holder has_hover_image'><img decoding=\"async\" itemprop=\"image\" src=\"http:\/\/www.aracast.com\/wp-content\/uploads\/2014\/03\/tryp_malaga.png\" alt=\"carousel image\" \/><\/span><\/div><\/li><\/ul><\/div><\/div>[\/vc_column][\/vc_row]<\/p>\n","protected":false},"excerpt":{"rendered":"<p>[vc_row row_type=&#8221;row&#8221; use_row_as_full_screen_section=&#8221;no&#8221; type=&#8221;full_width&#8221; angled_section=&#8221;no&#8221; text_align=&#8221;center&#8221; background_image_as_pattern=&#8221;without_pattern&#8221; css_animation=&#8221;&#8221;][vc_column][\/vc_column][\/vc_row][vc_row row_type=&#8221;row&#8221; use_row_as_full_screen_section=&#8221;no&#8221; type=&#8221;grid&#8221; angled_section=&#8221;no&#8221; text_align=&#8221;left&#8221; background_image_as_pattern=&#8221;without_pattern&#8221; background_color=&#8221;#ffffff&#8221; padding_top=&#8221;95&#8243; padding_bottom=&#8221;34&#8243; css_animation=&#8221;&#8221;][vc_column width=&#8221;1\/4&#8243;][vc_separator type=&#8221;transparent&#8221; up=&#8221;37&#8243; down=&#8221;0&#8243;][\/vc_column][vc_column width=&#8221;1\/4&#8243;][vc_separator type=&#8221;transparent&#8221; up=&#8221;37&#8243; down=&#8221;0&#8243;][\/vc_column][vc_column width=&#8221;1\/4&#8243;][vc_separator type=&#8221;transparent&#8221; up=&#8221;37&#8243; down=&#8221;0&#8243;][\/vc_column][vc_column width=&#8221;1\/4&#8243;][vc_separator type=&#8221;transparent&#8221; up=&#8221;37&#8243; down=&#8221;0&#8243;][\/vc_column][\/vc_row][vc_row row_type=&#8221;row&#8221; use_row_as_full_screen_section=&#8221;no&#8221; type=&#8221;full_width&#8221; angled_section=&#8221;no&#8221; text_align=&#8221;left&#8221; background_image_as_pattern=&#8221;without_pattern&#8221; background_color=&#8221;#d8d8d8&#8243; padding_top=&#8221;0&#8243; padding_bottom=&#8221;0&#8243; css_animation=&#8221;&#8221;][vc_column][\/vc_column][\/vc_row][vc_row row_type=&#8221;row&#8221;&#8230;<\/p>\n","protected":false},"author":2,"featured_media":0,"parent":19758,"menu_order":6,"comment_status":"closed","ping_status":"closed","template":"full_width.php","meta":{"_monsterinsights_skip_tracking":false,"_monsterinsights_sitenote_active":false,"_monsterinsights_sitenote_note":"","_monsterinsights_sitenote_category":0,"footnotes":""},"class_list":["post-19779","page","type-page","status-publish","hentry"],"_links":{"self":[{"href":"https:\/\/www.aracast.com\/en\/wp-json\/wp\/v2\/pages\/19779","targetHints":{"allow":["GET"]}}],"collection":[{"href":"https:\/\/www.aracast.com\/en\/wp-json\/wp\/v2\/pages"}],"about":[{"href":"https:\/\/www.aracast.com\/en\/wp-json\/wp\/v2\/types\/page"}],"author":[{"embeddable":true,"href":"https:\/\/www.aracast.com\/en\/wp-json\/wp\/v2\/users\/2"}],"replies":[{"embeddable":true,"href":"https:\/\/www.aracast.com\/en\/wp-json\/wp\/v2\/comments?post=19779"}],"version-history":[{"count":6,"href":"https:\/\/www.aracast.com\/en\/wp-json\/wp\/v2\/pages\/19779\/revisions"}],"predecessor-version":[{"id":21127,"href":"https:\/\/www.aracast.com\/en\/wp-json\/wp\/v2\/pages\/19779\/revisions\/21127"}],"up":[{"embeddable":true,"href":"https:\/\/www.aracast.com\/en\/wp-json\/wp\/v2\/pages\/19758"}],"wp:attachment":[{"href":"https:\/\/www.aracast.com\/en\/wp-json\/wp\/v2\/media?parent=19779"}],"curies":[{"name":"wp","href":"https:\/\/api.w.org\/{rel}","templated":true}]}}