{"id":20233,"date":"2017-04-03T15:04:25","date_gmt":"2017-04-03T13:04:25","guid":{"rendered":"http:\/\/activa1.com\/aracast\/privacidad\/"},"modified":"2018-02-06T15:48:53","modified_gmt":"2018-02-06T14:48:53","slug":"privacy-and-cookies-policy","status":"publish","type":"page","link":"https:\/\/www.aracast.com\/en\/privacy-and-cookies-policy\/","title":{"rendered":"PRIVACY AND COOKIES POLICY"},"content":{"rendered":"<p>[vc_row row_type=&#8221;row&#8221; use_row_as_full_screen_section=&#8221;no&#8221; type=&#8221;full_width&#8221; angled_section=&#8221;no&#8221; text_align=&#8221;left&#8221; background_image_as_pattern=&#8221;without_pattern&#8221; css_animation=&#8221;&#8221;][vc_column][vc_column_text]<\/p>\n<h2><strong>CONDICIONES LEGALES <\/strong><\/h2>\n<p>El contenido global del Sitio Web ARACAST (arquitectura, texto, fotograf\u00edas, ilustraciones,software,\u2026) es propiedad de Tecnolog\u00eda Control para la Comunicaci\u00f3n S.L (en adelante TECCO), reserv\u00e1ndose todos los derechos de propiedad intelectual y de utilizaci\u00f3n. Corresponde por tanto a TECCO el ejercicio exclusivo de los derechos de explotaci\u00f3n de los mismos en cualquier forma y, en especial, los derechos de reproducci\u00f3n, distribuci\u00f3n y comunicaci\u00f3n p\u00fablica. As\u00ed mismo, los derechos sobre las marcas que aparecen en esta Web son propiedad de los propietarios de las mismas.<br \/>\nMediante el acceso a esta Sitio Web, se entiende que el usuario acepta las condiciones que rigen para la misma y que se detallan a continuaci\u00f3n:<\/p>\n<p>&nbsp;<\/p>\n<ul>\n<li>Reproducci\u00f3n parcial de su contenido siempre que sea compatible con los fines de TECCO.<\/li>\n<li>Que se realice con \u00e1nimo de obtener la informaci\u00f3n contenida y no con prop\u00f3sito comercial.<\/li>\n<li>Que no se modifiquen en forma alguna ninguno de los elementos contenidos en las p\u00e1ginas de la web<\/li>\n<li>Que ninguno de dichos elementos disponibles en la web sean utilizados, copiados o distribuidos separadamente de su contexto, texto, gr\u00e1fico o im\u00e1genes que lo acompa\u00f1en.<\/li>\n<\/ul>\n<p>TECCO se reserva la facultad de efectuar, en cualquier momento y sin necesidad de previo aviso, modificaciones y actualizaciones de la informaci\u00f3n contenida en su web, dise\u00f1o y presentaci\u00f3n de la misma.<\/p>\n<p>TECCO procurar\u00e1 mantener actualizados los datos, no garantizando en ning\u00fan caso la inexistencia de errores en su contenido.<\/p>\n<p>Tanto el acceso a este web como el uso que pueda hacerse de la informaci\u00f3n contenida en el mismo es de la exclusiva responsabilidad de quien lo realiza. TECCO no responder\u00e1 de ninguna consecuencia o perjuicio que pudieran derivarse del acceso o uso de la informaci\u00f3n.<\/p>\n<p>As\u00ed mismo, TECCO no asume ninguna responsabilidad que pueda derivarse del acceso a los contenidos de los enlaces de terceros contenidos en esta p\u00e1gina Web.<\/p>\n<p>TECCO podr\u00e1 efectuar las acciones legales oportunas por la utilizaci\u00f3n no autorizada de la informaci\u00f3n contenida en este web, as\u00ed como la lesi\u00f3n de los derechos de Propiedad Intelectual o Industrial de TECCO.<\/p>\n<p>El Sitio Web puede proporcionar v\u00ednculos a otras p\u00e1ginas web no pertenecientes a TECCO. Dichas p\u00e1ginas web son independientes de la p\u00e1gina web de ARACAST por lo que TECCO no edita ni controla las fuentes ni los contenidos de dichos sitios ni sus v\u00ednculos a otras p\u00e1ginas web.<\/p>\n<p>TECCO no podr\u00e1 considerarse responsable de los contenidos, productos, servicios, publicidad, cookies o cualesquiera otros materiales de dichas p\u00e1ginas web ni de los da\u00f1os que puedan resultar o estar relacionados con el uso de la informaci\u00f3n, los servicios o los datos disponibles en dichas web.<\/p>\n<p>&nbsp;<\/p>\n<h2><\/h2>\n<h2>POL\u00cdTICA DE PRIVACIDAD<\/h2>\n<p>La Pol\u00edtica de Privacidad del Sitio Web de ARACAST queda determinada por lo establecido en el presente documento, si bien determinadas secciones o formularios del Sitio Web pueden regular de forma espec\u00edfica el tratamiento de la informaci\u00f3n obtenida.<\/p>\n<p>En cumplimiento de lo dispuesto en la Ley Org\u00e1nica 15\/1999 de 13 de Diciembre, de Protecci\u00f3n de Datos de Car\u00e1cter Personal,TECCO le comunica y usted consiente expresamente que:<\/p>\n<p>&nbsp;<\/p>\n<ol>\n<li>Los datos personales facilitados por usted a trav\u00e9s del presente Sitio Web ARACAST, se incorporar\u00e1n a la base de datos de TECCO,S.L con la finalidad de tenerle puntualmente informado de temas de su inter\u00e9s y de nuestras novedades, de forma personalizada o no personalizada. Este fichero, titularidad de TECCO, estar\u00e1 debidamente inscrito en el Registro General de Protecci\u00f3n de Datos.<\/li>\n<li>Usted garantiza que los datos aportados son verdaderos, exactos, completos y actualizados, siendo responsable de cualquier da\u00f1o o perjuicio, directo o indirecto, que pudiera ocasionarse como consecuencia del incumplimiento de tal obligaci\u00f3n. En el caso de que los datos aportados pertenecieran a un tercero, usted garantiza que ha informado a dicho tercero de los aspectos contenidos en este documento y que ha obtenido la correspondiente autorizaci\u00f3n para facilitar sus datos a TECCO para los fines se\u00f1alados.<\/li>\n<li>Para ejercitar los derechos de acceso, rectificaci\u00f3n, cancelaci\u00f3n y oposici\u00f3n sobre sus datos, usted puede dirigirse por escrito a la siguiente direcci\u00f3n de correo electr\u00f3nico <u>lopd<\/u><a href=\"mailto:info@teccoav.com\">@teccoav.com<\/a>.<\/li>\n<li>De la misma manera, el consentimiento a TECCO,S.L referente al uso de comunicaciones por v\u00eda electr\u00f3nica puede revocarse en cualquier momento enviando un mail con ese fin: baja<a href=\"mailto:info@teccoav.com\">@teccoav.com<\/a><\/li>\n<\/ol>\n<p>&nbsp;<\/p>\n<h2><strong>POL\u00cdTICA DE COOKIES<\/strong><\/h2>\n<p>Desde TECCO queremos ofrecerle la informaci\u00f3n necesaria sobre las cookies utilizadas en nuestro Sitio Web ARACAST, para que usted tenga plena capacidad de decisi\u00f3n sobre el uso de las mismas y con respecto a la protecci\u00f3n de su privacidad.<\/p>\n<p>&nbsp;<\/p>\n<ol>\n<li><strong>\u00bfQu\u00e9 son las cookies?\u00a0<\/strong>Una cookie es un peque\u00f1o fichero que se descarga en su terminal (ya sea un ordenador, tel\u00e9fono inteligente o tableta) cuando accede a una p\u00e1gina web y que permite al titular de la p\u00e1gina almacenar o recuperar informaci\u00f3n sobre aspectos de su navegaci\u00f3n.<\/li>\n<li><strong>\u00bfPara qu\u00e9 utiliza cookies este Sitio Web?\u00a0<\/strong>En este Sitio Web se utilizan cookies con la finalidad de mejorar la navegaci\u00f3n del usuario, elaborar estad\u00edsticas de las visitas del sitio y personalizar los contenidos.<\/li>\n<li><strong>\u00bfC\u00f3mo puede gestionar las cookies?\u00a0<\/strong>En la primera visita a nuestro Sitio Web el usuario es informado de la existencia de cookies y de la presente Pol\u00edtica de Cookies. Si contin\u00faa navegando se entiende que consiente la instalaci\u00f3n de las cookies informadas.<\/li>\n<\/ol>\n<p>&nbsp;<\/p>\n<p>En futuras visitas a nuestro Sitio Web el usuario puede consultar la presente Pol\u00edtica desde el enlace habilitado al efecto. Si deseara retirar en cualquier momento su consentimiento en relaci\u00f3n con las cookies de nuestro Sitio Web, deber\u00e1 eliminar las cookies almacenadas en su terminal y modificar la configuraci\u00f3n de su navegador de Internet. No obstante, le informamos de que si impide la instalaci\u00f3n o elimina las cookies, algunas funcionalidades, servicios y contenidos de nuestro Sitio Web pueden verse afectados.<\/p>\n<p>&nbsp;<\/p>\n<p>Los navegadores de Internet permiten visualizar, desactivar, restringir, bloquear o eliminar las cookies. A continuaci\u00f3n se muestra c\u00f3mo puede configurar las cookies en los principales navegadores, si bien le recomendamos que consulte el Soporte o la Ayuda de su navegador para obtener informaci\u00f3n detallada y actualizada en funci\u00f3n de la versi\u00f3n de su navegador y el terminal utilizado.<\/p>\n<p>&nbsp;<\/p>\n<p><strong>Internet Explorer <\/strong><\/p>\n<p><a href=\"https:\/\/support.microsoft.com\/es-es\/help\/17442\/windows-internet-explorer-delete-manage-cookies\">https:\/\/support.microsoft.com\/es-es\/help\/17442\/windows-internet-explorer-delete-manage-cookies<\/a><\/p>\n<p><strong>Chrome<\/strong><\/p>\n<p><a href=\"https:\/\/support.google.com\/chrome\/answer\/95647?hl=es\"><strong>https:\/\/sup<\/strong>port.google.com\/chrome\/answer\/95647?hl=es<\/a><\/p>\n<p><strong>Mozilla Firefox<br \/>\n<\/strong><a href=\"https:\/\/support.mozilla.org\/t5\/Cookies-y-cach%C3%A9\/Habilitar-y-deshabilitar-cookies-que-los-sitios-web-utilizan\/ta-p\/13811\"><strong>https:\/\/support.<\/strong>mozilla.org\/t5\/Cookies-y-cach%C3%A9\/Habilitar-y-deshabilitar-cookies-que-los-sitios-web-utilizan\/ta-p\/13811<\/a><\/p>\n<p><strong>Safari (iPhone, iPad, Mac y otros dispositivos Apple) <\/strong><\/p>\n<p><a href=\"https:\/\/support.apple.com\/kb\/PH21411?viewlocale=es_ES&amp;locale=es_ES\">https:\/\/support.apple.com\/kb\/PH21411?viewlocale=es_ES&amp;locale=es_ES<\/a>[\/vc_column_text][\/vc_column][\/vc_row]<\/p>\n","protected":false},"excerpt":{"rendered":"<p>[vc_row row_type=&#8221;row&#8221; use_row_as_full_screen_section=&#8221;no&#8221; type=&#8221;full_width&#8221; angled_section=&#8221;no&#8221; text_align=&#8221;left&#8221; background_image_as_pattern=&#8221;without_pattern&#8221; css_animation=&#8221;&#8221;][vc_column][vc_column_text] CONDICIONES LEGALES El contenido global del Sitio Web ARACAST (arquitectura, texto, fotograf\u00edas, ilustraciones,software,\u2026) es propiedad de Tecnolog\u00eda Control para la Comunicaci\u00f3n S.L (en adelante TECCO), reserv\u00e1ndose todos los derechos de propiedad intelectual y de utilizaci\u00f3n. Corresponde por&#8230;<\/p>\n","protected":false},"author":2,"featured_media":0,"parent":0,"menu_order":0,"comment_status":"closed","ping_status":"closed","template":"","meta":{"_monsterinsights_skip_tracking":false,"_monsterinsights_sitenote_active":false,"_monsterinsights_sitenote_note":"","_monsterinsights_sitenote_category":0,"footnotes":""},"class_list":["post-20233","page","type-page","status-publish","hentry"],"_links":{"self":[{"href":"https:\/\/www.aracast.com\/en\/wp-json\/wp\/v2\/pages\/20233","targetHints":{"allow":["GET"]}}],"collection":[{"href":"https:\/\/www.aracast.com\/en\/wp-json\/wp\/v2\/pages"}],"about":[{"href":"https:\/\/www.aracast.com\/en\/wp-json\/wp\/v2\/types\/page"}],"author":[{"embeddable":true,"href":"https:\/\/www.aracast.com\/en\/wp-json\/wp\/v2\/users\/2"}],"replies":[{"embeddable":true,"href":"https:\/\/www.aracast.com\/en\/wp-json\/wp\/v2\/comments?post=20233"}],"version-history":[{"count":5,"href":"https:\/\/www.aracast.com\/en\/wp-json\/wp\/v2\/pages\/20233\/revisions"}],"predecessor-version":[{"id":21451,"href":"https:\/\/www.aracast.com\/en\/wp-json\/wp\/v2\/pages\/20233\/revisions\/21451"}],"wp:attachment":[{"href":"https:\/\/www.aracast.com\/en\/wp-json\/wp\/v2\/media?parent=20233"}],"curies":[{"name":"wp","href":"https:\/\/api.w.org\/{rel}","templated":true}]}}